{"id":14,"date":"2024-07-23T06:10:54","date_gmt":"2024-07-23T06:10:54","guid":{"rendered":"http:\/\/sw-themes.com\/porto_dummy\/?page_id=14"},"modified":"2026-05-08T13:10:17","modified_gmt":"2026-05-08T13:10:17","slug":"about-us","status":"publish","type":"page","link":"https:\/\/www.podimagida.com\/index.php\/about-us\/","title":{"rendered":"Hakk\u0131m\u0131zda"},"content":{"rendered":"\t\t<div data-elementor-type=\"wp-page\" data-elementor-id=\"14\" class=\"elementor elementor-14\">\n\t\t\t\t<div class=\"porto_stretch_css stretch_row_css elementor-element elementor-element-dd81138 e-flex e-con-boxed e-con e-parent\" data-id=\"dd81138\" data-element_type=\"container\" data-e-type=\"container\" data-settings=\"{&quot;background_background&quot;:&quot;classic&quot;}\">\r\n\t\t\t\t\t<div class=\"e-con-inner\">\r\n\t\t<div class=\"elementor-element elementor-element-0fb19ac e-con-full e-flex e-con e-child\" data-id=\"0fb19ac\" data-element_type=\"container\" data-e-type=\"container\">\r\n\t\t\t\t<div class=\"elementor-element elementor-element-e102085 elementor-widget elementor-widget-porto_info_box\" data-id=\"e102085\" data-element_type=\"widget\" data-e-type=\"widget\" data-widget_type=\"porto_info_box.default\">\n\t\t\t\t\t<div class=\"porto-sicon-box style_1 left-icon\"><div class=\"porto-sicon-left\"><div class=\"porto-just-icon-wrapper porto-sicon-img  porto-icon-d751713988987e9331980363e24189ce\" style=\"\"><img decoding=\"async\" class=\"img-icon\" alt=\"\" src=\"https:\/\/www.podimagida.com\/wp-content\/uploads\/2024\/07\/shop50-slide-dots-about.png\" width=\"17\" height=\"125\" \/><\/div><\/div><div class=\"porto-sicon-body\"><div class=\"porto-sicon-header\"><h3 class=\"porto-sicon-title\" style=\"\">\u0130stanbul G\u0131da Sekt\u00f6r\u00fcndeki \u00c7eyrek As\u0131rl\u0131k Tecr\u00fcbe Ve G\u00fcven !<\/h3><p >Firmam\u0131z 40 Y\u0131l\u0131 A\u015fk\u0131n G\u0131da Sekt\u00f6r\u00fcndeki Deneyimi \u0130le Fabrikalara, Otellere, Restaurantlara, Kamu Kurumlar\u0131na Hizmet Vermektedir.<\/p><\/div> <!-- header --><\/div><\/div><!-- porto-sicon-box -->\t\t\t\t<\/div>\n\t\t\t\t<\/div>\n\t\t<div class=\"elementor-element elementor-element-c361842 e-con-full e-flex e-con e-child\" data-id=\"c361842\" data-element_type=\"container\" data-e-type=\"container\">\r\n\t\t\t\t<div class=\"elementor-element elementor-element-3987097 elementor-widget elementor-widget-image\" data-id=\"3987097\" data-element_type=\"widget\" data-e-type=\"widget\" data-widget_type=\"image.default\">\n\t\t\t\t\t\t\t\t\t\t\t\t\t\t\t<img fetchpriority=\"high\" decoding=\"async\" width=\"1024\" height=\"1024\" src=\"https:\/\/www.podimagida.com\/wp-content\/uploads\/2026\/05\/emre.webp\" class=\"attachment-full size-full wp-image-6855\" alt=\"\" srcset=\"https:\/\/www.podimagida.com\/wp-content\/uploads\/2026\/05\/emre.webp 1024w, https:\/\/www.podimagida.com\/wp-content\/uploads\/2026\/05\/emre-768x768.webp 768w, https:\/\/www.podimagida.com\/wp-content\/uploads\/2026\/05\/emre-640x640.webp 640w, https:\/\/www.podimagida.com\/wp-content\/uploads\/2026\/05\/emre-400x400.webp 400w, https:\/\/www.podimagida.com\/wp-content\/uploads\/2026\/05\/emre-600x600.webp 600w\" sizes=\"(max-width: 1024px) 100vw, 1024px\" \/>\t\t\t\t\t\t\t\t\t\t\t\t\t\t\t<\/div>\n\t\t\t\t<\/div>\n\t\t\t\t\t<\/div>\n\t\t\t\t<\/div>\n\t\t<div class=\"elementor-element elementor-element-c85c9f0 e-flex e-con-boxed e-con e-parent\" data-id=\"c85c9f0\" data-element_type=\"container\" data-e-type=\"container\">\r\n\t\t\t\t\t<div class=\"e-con-inner\">\r\n\t\t\t\t<div class=\"elementor-element elementor-element-49c08a0 elementor-widget elementor-widget-heading\" data-id=\"49c08a0\" data-element_type=\"widget\" data-e-type=\"widget\" data-widget_type=\"heading.default\">\n\t\t\t\t\t<p class=\"elementor-heading-title elementor-size-default\">1200 M2 lik Depomuz Frigorifik Da\u011f\u0131t\u0131m Ara\u00e7lar\u0131m\u0131z, Tecr\u00fcbeli Personelimizle De\u011ferli M\u00fc\u015fterilerimize En \u0130yi Hizmeti Sunmaya Devam Etmekteyiz.<\/p>\t\t\t\t<\/div>\n\t\t\t\t<div class=\"elementor-element elementor-element-6c8a1cb elementor-widget elementor-widget-heading\" data-id=\"6c8a1cb\" data-element_type=\"widget\" data-e-type=\"widget\" data-widget_type=\"heading.default\">\n\t\t\t\t\t<h2 class=\"elementor-heading-title elementor-size-default\">Hakk\u0131m\u0131zda<\/h2>\t\t\t\t<\/div>\n\t\t\t\t<div class=\"elementor-element elementor-element-4e56f03 elementor-widget elementor-widget-porto_ultimate_heading\" data-id=\"4e56f03\" data-element_type=\"widget\" data-e-type=\"widget\" data-widget_type=\"porto_ultimate_heading.default\">\n\t\t\t\t\t<div class=\"porto-u-heading  porto-u-ad87e2eaf3f9c495180fe0156ddf3eb0 \"><div class=\"porto-u-main-heading\"><h2    style=\"margin-bottom: 32px;\"><span style=\"font-family: Poppins, sans-serif; font-size: 15px; letter-spacing: -0.375px; white-space: normal;\">Podima G\u0131da olarak, toptan g\u0131da sekt\u00f6r\u00fcnde y\u0131llara dayanan tecr\u00fcbemiz ve g\u00fcvenilir hizmet anlay\u0131\u015f\u0131m\u0131zla m\u00fc\u015fterilerimize en kaliteli \u00fcr\u00fcnleri sunmay\u0131 hedefliyoruz. T\u00fcrkiye genelinde geni\u015f \u00fcr\u00fcn yelpazemiz, uygun fiyat politikam\u0131z ve m\u00fc\u015fteri memnuniyetini \u00f6nceliklendiren yakla\u015f\u0131m\u0131m\u0131zla sekt\u00f6rde fark yarat\u0131yoruz.<\/span><\/h2><\/div><style>.porto-u-ad87e2eaf3f9c495180fe0156ddf3eb0.porto-u-heading{text-align:left}<\/style><\/div>\t\t\t\t<\/div>\n\t\t\t\t<div class=\"elementor-element elementor-element-dfc7895 elementor-widget elementor-widget-heading\" data-id=\"dfc7895\" data-element_type=\"widget\" data-e-type=\"widget\" data-widget_type=\"heading.default\">\n\t\t\t\t\t<h2 class=\"elementor-heading-title elementor-size-default\">Hizmet Politikam\u0131z<\/h2>\t\t\t\t<\/div>\n\t\t\t\t<div class=\"elementor-element elementor-element-9388a13 elementor-widget elementor-widget-porto_ultimate_heading\" data-id=\"9388a13\" data-element_type=\"widget\" data-e-type=\"widget\" data-widget_type=\"porto_ultimate_heading.default\">\n\t\t\t\t\t<div class=\"porto-u-heading  porto-u-ad87e2eaf3f9c495180fe0156ddf3eb0 \"><div class=\"porto-u-main-heading\"><h2    style=\"margin-bottom: 32px;\"><span style=\"font-family: Poppins, sans-serif; font-size: 15px; letter-spacing: -0.375px; white-space: normal;\">A\u2019dan Z\u2019ye Ev D\u0131\u015f\u0131 T\u00fcketim kanal\u0131nda kullan\u0131lan 3000\u2019i a\u015fk\u0131n \u00fcr\u00fcn kaleminin depolanmas\u0131 , muhafaza edilmesi ve sevkiyat i\u015flemleri y\u00fcksek kalite standartlar\u0131na uygun olarak yap\u0131lmaktad\u0131r.<\/span><\/h2><\/div><style>.porto-u-ad87e2eaf3f9c495180fe0156ddf3eb0.porto-u-heading{text-align:left}<\/style><\/div>\t\t\t\t<\/div>\n\t\t\t\t<div class=\"elementor-element elementor-element-097749a elementor-widget elementor-widget-heading\" data-id=\"097749a\" data-element_type=\"widget\" data-e-type=\"widget\" data-widget_type=\"heading.default\">\n\t\t\t\t\t<h2 class=\"elementor-heading-title elementor-size-default\">De\u011ferlerimiz<\/h2>\t\t\t\t<\/div>\n\t\t\t\t<div class=\"elementor-element elementor-element-898f7a7 elementor-widget elementor-widget-porto_ultimate_heading\" data-id=\"898f7a7\" data-element_type=\"widget\" data-e-type=\"widget\" data-widget_type=\"porto_ultimate_heading.default\">\n\t\t\t\t\t<div class=\"porto-u-heading  porto-u-ad87e2eaf3f9c495180fe0156ddf3eb0 \"><div class=\"porto-u-main-heading\"><h2    style=\"margin-bottom: 32px;\"><span style=\"font-family: Poppins, sans-serif; font-size: 15px; letter-spacing: -0.375px; white-space: normal;\">M\u00fc\u015fteri memnuniyetini temel kurulu\u015f prensibi olarak kabul eden Podima G\u0131da profesyonel \u00e7al\u0131\u015fan kadrosuyla Ev D\u0131\u015f\u0131 T\u00fcketim kanal\u0131nda kusursuz hizmet anlay\u0131\u015f\u0131n\u0131 ilke edinmi\u015ftir.<\/span><\/h2><\/div><style>.porto-u-ad87e2eaf3f9c495180fe0156ddf3eb0.porto-u-heading{text-align:left}<\/style><\/div>\t\t\t\t<\/div>\n\t\t\t\t<div class=\"elementor-element elementor-element-b730f2b elementor-widget elementor-widget-heading\" data-id=\"b730f2b\" data-element_type=\"widget\" data-e-type=\"widget\" data-widget_type=\"heading.default\">\n\t\t\t\t\t<h2 class=\"elementor-heading-title elementor-size-default\">Neden Podima G\u0131da<\/h2>\t\t\t\t<\/div>\n\t\t\t\t<div class=\"elementor-element elementor-element-77167e2 elementor-widget elementor-widget-porto_ultimate_heading\" data-id=\"77167e2\" data-element_type=\"widget\" data-e-type=\"widget\" data-widget_type=\"porto_ultimate_heading.default\">\n\t\t\t\t\t<div class=\"porto-u-heading  porto-u-ad87e2eaf3f9c495180fe0156ddf3eb0 \"><div class=\"porto-u-main-heading\"><h2    style=\"margin-bottom: 32px;\"><span style=\"font-weight: 700; font-family: Poppins, sans-serif; font-size: 15px; letter-spacing: -0.375px; white-space: normal;\">Geni\u015f \u00dcr\u00fcn \u00c7e\u015fitlili\u011fi:<\/span><span style=\"font-family: Poppins, sans-serif; font-size: 15px; letter-spacing: -0.375px; white-space: normal;\">&nbsp;Taze sebze-meyveden kuru g\u0131daya, dondurulmu\u015f \u00fcr\u00fcnlerden at\u0131\u015ft\u0131rmal\u0131klara kadar her ihtiyac\u0131n\u0131za uygun \u00fcr\u00fcnler.<\/span><br style=\"font-family: Poppins, sans-serif; font-size: 15px; letter-spacing: -0.375px; white-space: normal;\"><span style=\"font-weight: 700; font-family: Poppins, sans-serif; font-size: 15px; letter-spacing: -0.375px; white-space: normal;\">Uygun Fiyat ve H\u0131zl\u0131 Teslimat:<\/span><span style=\"font-family: Poppins, sans-serif; font-size: 15px; letter-spacing: -0.375px; white-space: normal;\">&nbsp;Sekt\u00f6rde rekabet\u00e7i fiyatlar\u0131m\u0131z ve g\u00fcvenilir teslimat a\u011f\u0131m\u0131z ile zaman\u0131nda hizmet.<\/span><br style=\"font-family: Poppins, sans-serif; font-size: 15px; letter-spacing: -0.375px; white-space: normal;\"><span style=\"font-weight: 700; font-family: Poppins, sans-serif; font-size: 15px; letter-spacing: -0.375px; white-space: normal;\">Kalite ve G\u00fcven:<\/span><span style=\"font-family: Poppins, sans-serif; font-size: 15px; letter-spacing: -0.375px; white-space: normal;\">&nbsp;\u00dcr\u00fcnlerimiz, g\u0131da g\u00fcvenli\u011fi standartlar\u0131na uygun \u015fekilde \u00f6zenle se\u00e7ilir ve saklan\u0131r.<\/span><\/h2><\/div><style>.porto-u-ad87e2eaf3f9c495180fe0156ddf3eb0.porto-u-heading{text-align:left}<\/style><\/div>\t\t\t\t<\/div>\n\t\t\t\t\t<\/div>\n\t\t\t\t<\/div>\n\t\t\t\t<\/div>\n\t\t","protected":false},"excerpt":{"rendered":"<p>\u0130stanbul G\u0131da Sekt\u00f6r\u00fcndeki \u00c7eyrek As\u0131rl\u0131k Tecr\u00fcbe Ve G\u00fcven ! Firmam\u0131z 40 Y\u0131l\u0131 A\u015fk\u0131n G\u0131da Sekt\u00f6r\u00fcndeki Deneyimi \u0130le Fabrikalara, Otellere, Restaurantlara, Kamu Kurumlar\u0131na Hizmet Vermektedir. 1200 M2 lik Depomuz Frigorifik Da\u011f\u0131t\u0131m Ara\u00e7lar\u0131m\u0131z, Tecr\u00fcbeli Personelimizle De\u011ferli M\u00fc\u015fterilerimize En \u0130yi Hizmeti Sunmaya Devam Etmekteyiz. Hakk\u0131m\u0131zda Podima G\u0131da olarak, toptan g\u0131da sekt\u00f6r\u00fcnde y\u0131llara dayanan tecr\u00fcbemiz ve g\u00fcvenilir hizmet anlay\u0131\u015f\u0131m\u0131zla [&hellip;]<\/p>\n","protected":false},"author":1,"featured_media":0,"parent":0,"menu_order":0,"comment_status":"closed","ping_status":"closed","template":"","meta":{"content-type":"","footnotes":""},"class_list":["post-14","page","type-page","status-publish","hentry"],"_links":{"self":[{"href":"https:\/\/www.podimagida.com\/index.php\/wp-json\/wp\/v2\/pages\/14","targetHints":{"allow":["GET"]}}],"collection":[{"href":"https:\/\/www.podimagida.com\/index.php\/wp-json\/wp\/v2\/pages"}],"about":[{"href":"https:\/\/www.podimagida.com\/index.php\/wp-json\/wp\/v2\/types\/page"}],"author":[{"embeddable":true,"href":"https:\/\/www.podimagida.com\/index.php\/wp-json\/wp\/v2\/users\/1"}],"replies":[{"embeddable":true,"href":"https:\/\/www.podimagida.com\/index.php\/wp-json\/wp\/v2\/comments?post=14"}],"version-history":[{"count":13,"href":"https:\/\/www.podimagida.com\/index.php\/wp-json\/wp\/v2\/pages\/14\/revisions"}],"predecessor-version":[{"id":7298,"href":"https:\/\/www.podimagida.com\/index.php\/wp-json\/wp\/v2\/pages\/14\/revisions\/7298"}],"wp:attachment":[{"href":"https:\/\/www.podimagida.com\/index.php\/wp-json\/wp\/v2\/media?parent=14"}],"curies":[{"name":"wp","href":"https:\/\/api.w.org\/{rel}","templated":true}]}}