{"id":16,"date":"2024-07-23T06:11:12","date_gmt":"2024-07-23T06:11:12","guid":{"rendered":"http:\/\/sw-themes.com\/porto_dummy\/?page_id=16"},"modified":"2026-05-08T12:44:43","modified_gmt":"2026-05-08T12:44:43","slug":"contact-us","status":"publish","type":"page","link":"https:\/\/www.podimagida.com\/index.php\/contact-us\/","title":{"rendered":"\u0130leti\u015fim"},"content":{"rendered":"\t\t<div data-elementor-type=\"wp-page\" data-elementor-id=\"16\" class=\"elementor elementor-16\">\n\t\t\t\t<div class=\"elementor-element elementor-element-c8dc9bd e-flex e-con-boxed e-con e-parent\" data-id=\"c8dc9bd\" data-element_type=\"container\" data-e-type=\"container\">\r\n\t\t\t\t\t<div class=\"e-con-inner\">\r\n\t\t<div class=\"elementor-element elementor-element-aa46335 e-con-full e-flex e-con e-child\" data-id=\"aa46335\" data-element_type=\"container\" data-e-type=\"container\" data-settings=\"{&quot;background_background&quot;:&quot;classic&quot;}\">\r\n\t\t<div class=\"elementor-element elementor-element-37e7709 e-con-full e-flex e-con e-child\" data-id=\"37e7709\" data-element_type=\"container\" data-e-type=\"container\">\r\n\t\t\t\t<div class=\"elementor-element elementor-element-a89d219 elementor-hidden-mobile elementor-widget elementor-widget-image\" data-id=\"a89d219\" data-element_type=\"widget\" data-e-type=\"widget\" data-widget_type=\"image.default\">\n\t\t\t\t\t\t\t\t\t\t\t\t\t\t\t<img decoding=\"async\" width=\"17\" height=\"94\" src=\"https:\/\/www.podimagida.com\/wp-content\/uploads\/2024\/07\/shop50-slide-dots-block.png\" class=\"attachment-full size-full wp-image-1829\" alt=\"Dots Image\" \/>\t\t\t\t\t\t\t\t\t\t\t\t\t\t\t<\/div>\n\t\t\t\t<div class=\"elementor-element elementor-element-55b944a elementor-widget elementor-widget-porto_info_box\" data-id=\"55b944a\" data-element_type=\"widget\" data-e-type=\"widget\" data-widget_type=\"porto_info_box.default\">\n\t\t\t\t\t<div class=\"porto-sicon-box style_1 default-icon\"><div class=\"porto-sicon-default\"><div class=\"porto-just-icon-wrapper porto-sicon-img  porto-icon-d751713988987e9331980363e24189ce\" style=\"\"><img decoding=\"async\" class=\"img-icon\" alt=\"\" src=\"https:\/\/www.podimagida.com\/wp-content\/uploads\/2024\/07\/shop50-question-icon.png\" width=\"61\" height=\"61\" \/><\/div><\/div><div class=\"porto-sicon-header\"><h2 class=\"porto-sicon-title\" style=\"\">Yard\u0131ma m\u0131 ihtiyac\u0131n\u0131z var?<\/h2><p >Herhangi bir sorunuzda size yard\u0131mc\u0131 olmak i\u00e7in buraday\u0131z.<\/p><\/div> <!-- header --><\/div><!-- porto-sicon-box -->\t\t\t\t<\/div>\n\t\t\t\t<\/div>\n\t\t\t\t<div class=\"elementor-element elementor-element-ebe5d79 elementor-widget elementor-widget-porto_contact_form\" data-id=\"ebe5d79\" data-element_type=\"widget\" data-e-type=\"widget\" data-widget_type=\"porto_contact_form.default\">\n\t\t\t\t\t\n<div class=\"wpcf7 no-js\" id=\"wpcf7-f2502-o1\" lang=\"en-US\" dir=\"ltr\" data-wpcf7-id=\"2502\">\n<div class=\"screen-reader-response\"><p role=\"status\" aria-live=\"polite\" aria-atomic=\"true\"><\/p> <ul><\/ul><\/div>\n<form action=\"\/index.php\/wp-json\/wp\/v2\/pages\/16#wpcf7-f2502-o1\" method=\"post\" class=\"wpcf7-form init\" aria-label=\"Contact form\" novalidate=\"novalidate\" data-status=\"init\">\n<fieldset class=\"hidden-fields-container\"><input type=\"hidden\" name=\"_wpcf7\" value=\"2502\" \/><input type=\"hidden\" name=\"_wpcf7_version\" value=\"6.1.5\" \/><input type=\"hidden\" name=\"_wpcf7_locale\" value=\"en_US\" \/><input type=\"hidden\" name=\"_wpcf7_unit_tag\" value=\"wpcf7-f2502-o1\" \/><input type=\"hidden\" name=\"_wpcf7_container_post\" value=\"0\" \/><input type=\"hidden\" name=\"_wpcf7_posted_data_hash\" value=\"\" \/>\n<\/fieldset>\n<p style=\"margin-bottom: 21px;\"><span class=\"wpcf7-form-control-wrap\" data-name=\"your-name\"><input size=\"40\" maxlength=\"400\" class=\"wpcf7-form-control wpcf7-text wpcf7-validates-as-required form-control\" id=\"contact-name\" aria-required=\"true\" aria-invalid=\"false\" placeholder=\"\u0130sim*\" value=\"\" type=\"text\" name=\"your-name\" \/><\/span><\/p>\n<p style=\"margin-bottom: 21px;\"><span class=\"wpcf7-form-control-wrap\" data-name=\"your-email\"><input size=\"40\" maxlength=\"400\" class=\"wpcf7-form-control wpcf7-email wpcf7-validates-as-required wpcf7-text wpcf7-validates-as-email form-control\" id=\"contact-email\" aria-required=\"true\" aria-invalid=\"false\" placeholder=\"E-mail *\" value=\"\" type=\"email\" name=\"your-email\" \/><\/span><\/p>\n<p style=\"margin-bottom: 21px;\"><span class=\"wpcf7-form-control-wrap\" data-name=\"your-phone\"><input size=\"40\" maxlength=\"400\" class=\"wpcf7-form-control wpcf7-text wpcf7-validates-as-required form-control\" id=\"contact-phone\" aria-required=\"true\" aria-invalid=\"false\" placeholder=\"Telefon*\" value=\"\" type=\"text\" name=\"your-phone\" \/><\/span><\/p>\n<p style=\"margin-bottom: 21px;\"><span class=\"wpcf7-form-control-wrap\" data-name=\"your-message\"><textarea cols=\"40\" rows=\"8\" maxlength=\"2000\" class=\"wpcf7-form-control wpcf7-textarea wpcf7-validates-as-required form-control\" id=\"contact-message\" aria-required=\"true\" aria-invalid=\"false\" placeholder=\"Mesaj\u0131n\u0131z...*\" name=\"your-message\"><\/textarea><\/span><\/p>\n<p style=\"margin-bottom: 13px;\"><input class=\"wpcf7-form-control wpcf7-submit has-spinner btn btn-primary\" type=\"submit\" value=\"G\u00f6nder\" \/><\/p><div class=\"wpcf7-response-output\" aria-hidden=\"true\"><\/div>\n<\/form>\n<\/div>\n\t\t\t\t<\/div>\n\t\t\t\t<\/div>\n\t\t<div class=\"elementor-element elementor-element-7642331 e-con-full e-flex e-con e-child\" data-id=\"7642331\" data-element_type=\"container\" data-e-type=\"container\">\r\n\t\t<div class=\"elementor-element elementor-element-46af399 e-con-full e-flex e-con e-child\" data-id=\"46af399\" data-element_type=\"container\" data-e-type=\"container\">\r\n\t\t<div class=\"elementor-element elementor-element-fa7d49b e-con-full e-flex e-con e-child\" data-id=\"fa7d49b\" data-element_type=\"container\" data-e-type=\"container\">\r\n\t\t\t\t<div class=\"elementor-element elementor-element-6d6d33c elementor-icon-list--layout-traditional elementor-list-item-link-full_width elementor-widget elementor-widget-icon-list\" data-id=\"6d6d33c\" data-element_type=\"widget\" data-e-type=\"widget\" data-widget_type=\"icon-list.default\">\n\t\t\t\t\t\t\t<ul class=\"elementor-icon-list-items\">\n\t\t\t\t\t\t\t<li class=\"elementor-icon-list-item\">\n\t\t\t\t\t\t\t\t\t\t\t<a href=\"tel:905314728528\">\n\n\t\t\t\t\t\t\t\t\t\t\t\t<span class=\"elementor-icon-list-icon\">\n\t\t\t\t\t\t\t<i aria-hidden=\"true\" class=\"  Simple-Line-Icons-phone\"><\/i>\t\t\t\t\t\t<\/span>\n\t\t\t\t\t\t\t\t\t\t<span class=\"elementor-icon-list-text\"> 0531 472 85 28<\/span>\n\t\t\t\t\t\t\t\t\t\t\t<\/a>\n\t\t\t\t\t\t\t\t\t<\/li>\n\t\t\t\t\t\t<\/ul>\n\t\t\t\t\t\t<\/div>\n\t\t\t\t<div class=\"elementor-element elementor-element-51910f8 elementor-widget elementor-widget-porto_button\" data-id=\"51910f8\" data-element_type=\"widget\" data-e-type=\"widget\" data-widget_type=\"porto_button.default\">\n\t\t\t\t\t<a class=\"btn btn-md btn-default btn-icon btn-icon-right\" href=\"https:\/\/wa.me\/905314728528\"><span >Online Yard\u0131m<\/span><i class=\"fas fa-external-link-alt\"><\/i><\/a>\t\t\t\t<\/div>\n\t\t\t\t<\/div>\n\t\t<div class=\"elementor-element elementor-element-f865bb8 e-con-full e-flex e-con e-child\" data-id=\"f865bb8\" data-element_type=\"container\" data-e-type=\"container\">\r\n\t\t\t\t<div class=\"elementor-element elementor-element-9bc7006 elementor-widget elementor-widget-heading\" data-id=\"9bc7006\" data-element_type=\"widget\" data-e-type=\"widget\" data-widget_type=\"heading.default\">\n\t\t\t\t\t<p class=\"elementor-heading-title elementor-size-default\"><span style=\"font-family: Poppins, sans-serif;font-size: 17.9998px;white-space: normal\">P.tesi &amp; C.tesi - 8:00 - 17:30<\/span><\/p>\t\t\t\t<\/div>\n\t\t\t\t<\/div>\n\t\t\t\t<\/div>\n\t\t\t\t<div class=\"elementor-element elementor-element-33a9c33 elementor-widget elementor-widget-heading\" data-id=\"33a9c33\" data-element_type=\"widget\" data-e-type=\"widget\" data-widget_type=\"heading.default\">\n\t\t\t\t\t<h2 class=\"elementor-heading-title elementor-size-default\">Adres Bilgilerimiz<\/h2>\t\t\t\t<\/div>\n\t\t\t\t<div class=\"elementor-element elementor-element-e8ded6a store-location elementor-widget elementor-widget-text-editor\" data-id=\"e8ded6a\" data-element_type=\"widget\" data-e-type=\"widget\" data-widget_type=\"text-editor.default\">\n\t\t\t\t\t\t\t\t\t<ul class=\"list-type-none\"><li style=\"list-style-type: none;\"><ul class=\"list-type-none\"><li style=\"margin-bottom: 6px;\">ATAK\u00d6Y 7-8-9-10. KISIM MAH. \u00c7OBAN\u00c7E\u015eME E-5 YAN YOL<br \/>CAD. A NO: 22 \/1 \u0130\u00c7 KAPI NO: 198 BAKIRK\u00d6Y\/ \u0130STANBUL<\/li><\/ul><\/li><\/ul>\t\t\t\t\t\t\t\t<\/div>\n\t\t\t\t<\/div>\n\t\t\t\t\t<\/div>\n\t\t\t\t<\/div>\n\t\t\t\t<\/div>\n\t\t","protected":false},"excerpt":{"rendered":"<p>Yard\u0131ma m\u0131 ihtiyac\u0131n\u0131z var? Herhangi bir sorunuzda size yard\u0131mc\u0131 olmak i\u00e7in buraday\u0131z. 0531 472 85 28 Online Yard\u0131m P.tesi &amp; C.tesi &#8211; 8:00 &#8211; 17:30 Adres Bilgilerimiz ATAK\u00d6Y 7-8-9-10. KISIM MAH. \u00c7OBAN\u00c7E\u015eME E-5 YAN YOLCAD. A NO: 22 \/1 \u0130\u00c7 KAPI NO: 198 BAKIRK\u00d6Y\/ \u0130STANBUL<\/p>\n","protected":false},"author":1,"featured_media":0,"parent":0,"menu_order":0,"comment_status":"closed","ping_status":"closed","template":"","meta":{"content-type":"","footnotes":""},"class_list":["post-16","page","type-page","status-publish","hentry"],"_links":{"self":[{"href":"https:\/\/www.podimagida.com\/index.php\/wp-json\/wp\/v2\/pages\/16","targetHints":{"allow":["GET"]}}],"collection":[{"href":"https:\/\/www.podimagida.com\/index.php\/wp-json\/wp\/v2\/pages"}],"about":[{"href":"https:\/\/www.podimagida.com\/index.php\/wp-json\/wp\/v2\/types\/page"}],"author":[{"embeddable":true,"href":"https:\/\/www.podimagida.com\/index.php\/wp-json\/wp\/v2\/users\/1"}],"replies":[{"embeddable":true,"href":"https:\/\/www.podimagida.com\/index.php\/wp-json\/wp\/v2\/comments?post=16"}],"version-history":[{"count":13,"href":"https:\/\/www.podimagida.com\/index.php\/wp-json\/wp\/v2\/pages\/16\/revisions"}],"predecessor-version":[{"id":7265,"href":"https:\/\/www.podimagida.com\/index.php\/wp-json\/wp\/v2\/pages\/16\/revisions\/7265"}],"wp:attachment":[{"href":"https:\/\/www.podimagida.com\/index.php\/wp-json\/wp\/v2\/media?parent=16"}],"curies":[{"name":"wp","href":"https:\/\/api.w.org\/{rel}","templated":true}]}}