{"id":2,"date":"2024-07-23T06:01:52","date_gmt":"2024-07-23T06:01:52","guid":{"rendered":"http:\/\/sw-themes.com\/porto_dummy\/?page_id=2"},"modified":"2026-05-08T13:03:58","modified_gmt":"2026-05-08T13:03:58","slug":"home","status":"publish","type":"page","link":"https:\/\/www.podimagida.com\/","title":{"rendered":"Anasayfa"},"content":{"rendered":"\t\t<div data-elementor-type=\"wp-page\" data-elementor-id=\"2\" class=\"elementor elementor-2\">\n\t\t\t\t<div class=\"elementor-element elementor-element-aefad04 e-con-full e-flex e-con e-parent\" data-id=\"aefad04\" data-element_type=\"container\" data-e-type=\"container\" data-settings=\"{&quot;background_background&quot;:&quot;video&quot;,&quot;background_video_link&quot;:&quot;https:\\\/\\\/www.pexels.com\\\/tr-tr\\\/download\\\/video\\\/31974230\\\/&quot;,&quot;background_play_on_mobile&quot;:&quot;yes&quot;}\">\r\n\t\t<div class=\"elementor-background-video-container\">\n\t\t\t\t\t\t\t<video class=\"elementor-background-video-hosted\" role=\"presentation\" autoplay muted playsinline loop><\/video>\n\t\t\t\t\t<\/div>\t\t<div class=\"elementor-element elementor-element-6e1d685 elementor-widget elementor-widget-heading\" data-id=\"6e1d685\" data-element_type=\"widget\" data-e-type=\"widget\" data-widget_type=\"heading.default\">\n\t\t\t\t\t<h2 class=\"elementor-heading-title elementor-size-default\">Podima G\u0131da<\/h2>\t\t\t\t<\/div>\n\t\t\t\t<div class=\"elementor-element elementor-element-f51ccfa elementor-widget elementor-widget-text-editor\" data-id=\"f51ccfa\" data-element_type=\"widget\" data-e-type=\"widget\" data-widget_type=\"text-editor.default\">\n\t\t\t\t\t\t\t\t\t<p>Tedarik Etmek \u0130stedi\u011finiz Y\u00fczlerce \u00c7e\u015fit<\/p><p>\u00dcr\u00fcnle Hizmetinizdeyiz.<\/p>\t\t\t\t\t\t\t\t<\/div>\n\t\t\t\t<div class=\"elementor-element elementor-element-c8ecc0f pt-2 elementor-widget elementor-widget-porto_button\" data-id=\"c8ecc0f\" data-element_type=\"widget\" data-e-type=\"widget\" data-settings=\"{&quot;align&quot;:&quot;center&quot;}\" data-widget_type=\"porto_button.default\">\n\t\t\t\t\t<a class=\"btn btn-xl btn-dark btn-borders\" href=\"https:\/\/www.podimagida.com\/index.php\/shop\"><span >Daha Fazla Bilgi Edinin<\/span><\/a>\t\t\t\t<\/div>\n\t\t\t\t<\/div>\n\t\t<div class=\"elementor-element elementor-element-8f5c008 custom-services e-flex e-con-boxed e-con e-parent\" data-id=\"8f5c008\" data-element_type=\"container\" data-e-type=\"container\">\r\n\t\t\t\t\t<div class=\"e-con-inner\">\r\n\t\t\t\t<div class=\"elementor-element elementor-element-bb72bae elementor-widget elementor-widget-alpus-nested-slider\" data-id=\"bb72bae\" data-element_type=\"widget\" data-e-type=\"widget\" data-settings=\"{&quot;slides&quot;:[{&quot;_id&quot;:&quot;275f3cf&quot;,&quot;background_background&quot;:&quot;classic&quot;,&quot;background_color&quot;:&quot;&quot;,&quot;background_color_stop&quot;:null,&quot;background_color_b&quot;:null,&quot;background_color_b_stop&quot;:null,&quot;background_gradient_type&quot;:null,&quot;background_gradient_angle&quot;:null,&quot;background_gradient_position&quot;:null,&quot;background_image&quot;:{&quot;url&quot;:&quot;&quot;,&quot;id&quot;:&quot;&quot;,&quot;size&quot;:&quot;&quot;},&quot;background_position&quot;:null,&quot;background_xpos&quot;:null,&quot;background_ypos&quot;:null,&quot;background_attachment&quot;:null,&quot;background_repeat&quot;:null,&quot;background_size&quot;:null,&quot;background_bg_width&quot;:null,&quot;background_video_link&quot;:null,&quot;background_video_start&quot;:null,&quot;background_video_end&quot;:null,&quot;background_play_once&quot;:null,&quot;background_play_on_mobile&quot;:null,&quot;background_privacy_mode&quot;:null,&quot;background_video_fallback&quot;:null,&quot;background_slideshow_gallery&quot;:null,&quot;background_slideshow_loop&quot;:null,&quot;background_slideshow_slide_duration&quot;:null,&quot;background_slideshow_slide_transition&quot;:null,&quot;background_slideshow_transition_duration&quot;:null,&quot;background_slideshow_background_size&quot;:null,&quot;background_slideshow_background_position&quot;:null,&quot;background_slideshow_lazyload&quot;:null,&quot;background_slideshow_ken_burns&quot;:null,&quot;background_slideshow_ken_burns_zoom_direction&quot;:null},{&quot;_id&quot;:&quot;60836aa&quot;,&quot;background_background&quot;:&quot;&quot;,&quot;background_color&quot;:null,&quot;background_color_stop&quot;:null,&quot;background_color_b&quot;:null,&quot;background_color_b_stop&quot;:null,&quot;background_gradient_type&quot;:null,&quot;background_gradient_angle&quot;:null,&quot;background_gradient_position&quot;:null,&quot;background_image&quot;:null,&quot;background_position&quot;:null,&quot;background_xpos&quot;:null,&quot;background_ypos&quot;:null,&quot;background_attachment&quot;:null,&quot;background_repeat&quot;:null,&quot;background_size&quot;:null,&quot;background_bg_width&quot;:null,&quot;background_video_link&quot;:null,&quot;background_video_start&quot;:null,&quot;background_video_end&quot;:null,&quot;background_play_once&quot;:null,&quot;background_play_on_mobile&quot;:null,&quot;background_privacy_mode&quot;:null,&quot;background_video_fallback&quot;:null,&quot;background_slideshow_gallery&quot;:null,&quot;background_slideshow_loop&quot;:null,&quot;background_slideshow_slide_duration&quot;:null,&quot;background_slideshow_slide_transition&quot;:null,&quot;background_slideshow_transition_duration&quot;:null,&quot;background_slideshow_background_size&quot;:null,&quot;background_slideshow_background_position&quot;:null,&quot;background_slideshow_lazyload&quot;:null,&quot;background_slideshow_ken_burns&quot;:null,&quot;background_slideshow_ken_burns_zoom_direction&quot;:null},{&quot;_id&quot;:&quot;425dcc1&quot;,&quot;&quot;:&quot;Slide #3&quot;,&quot;background_background&quot;:&quot;&quot;,&quot;background_color&quot;:null,&quot;background_color_stop&quot;:null,&quot;background_color_b&quot;:null,&quot;background_color_b_stop&quot;:null,&quot;background_gradient_type&quot;:null,&quot;background_gradient_angle&quot;:null,&quot;background_gradient_position&quot;:null,&quot;background_image&quot;:null,&quot;background_position&quot;:null,&quot;background_xpos&quot;:null,&quot;background_ypos&quot;:null,&quot;background_attachment&quot;:null,&quot;background_repeat&quot;:null,&quot;background_size&quot;:null,&quot;background_bg_width&quot;:null,&quot;background_video_link&quot;:null,&quot;background_video_start&quot;:null,&quot;background_video_end&quot;:null,&quot;background_play_once&quot;:null,&quot;background_play_on_mobile&quot;:null,&quot;background_privacy_mode&quot;:null,&quot;background_video_fallback&quot;:null,&quot;background_slideshow_gallery&quot;:null,&quot;background_slideshow_loop&quot;:null,&quot;background_slideshow_slide_duration&quot;:null,&quot;background_slideshow_slide_transition&quot;:null,&quot;background_slideshow_transition_duration&quot;:null,&quot;background_slideshow_background_size&quot;:null,&quot;background_slideshow_background_position&quot;:null,&quot;background_slideshow_lazyload&quot;:null,&quot;background_slideshow_ken_burns&quot;:null,&quot;background_slideshow_ken_burns_zoom_direction&quot;:null},{&quot;_id&quot;:&quot;91ed839&quot;,&quot;&quot;:&quot;Slide #4&quot;,&quot;background_background&quot;:&quot;&quot;,&quot;background_color&quot;:null,&quot;background_color_stop&quot;:null,&quot;background_color_b&quot;:null,&quot;background_color_b_stop&quot;:null,&quot;background_gradient_type&quot;:null,&quot;background_gradient_angle&quot;:null,&quot;background_gradient_position&quot;:null,&quot;background_image&quot;:null,&quot;background_position&quot;:null,&quot;background_xpos&quot;:null,&quot;background_ypos&quot;:null,&quot;background_attachment&quot;:null,&quot;background_repeat&quot;:null,&quot;background_size&quot;:null,&quot;background_bg_width&quot;:null,&quot;background_video_link&quot;:null,&quot;background_video_start&quot;:null,&quot;background_video_end&quot;:null,&quot;background_play_once&quot;:null,&quot;background_play_on_mobile&quot;:null,&quot;background_privacy_mode&quot;:null,&quot;background_video_fallback&quot;:null,&quot;background_slideshow_gallery&quot;:null,&quot;background_slideshow_loop&quot;:null,&quot;background_slideshow_slide_duration&quot;:null,&quot;background_slideshow_slide_transition&quot;:null,&quot;background_slideshow_transition_duration&quot;:null,&quot;background_slideshow_background_size&quot;:null,&quot;background_slideshow_background_position&quot;:null,&quot;background_slideshow_lazyload&quot;:null,&quot;background_slideshow_ken_burns&quot;:null,&quot;background_slideshow_ken_burns_zoom_direction&quot;:null}],&quot;slides_to_show&quot;:4,&quot;navigation&quot;:&quot;none&quot;,&quot;slides_to_show_tablet&quot;:2,&quot;slides_to_show_mobile&quot;:1,&quot;slide_spacing&quot;:{&quot;unit&quot;:&quot;px&quot;,&quot;size&quot;:&quot;&quot;,&quot;sizes&quot;:[]},&quot;slide_spacing_tablet&quot;:{&quot;unit&quot;:&quot;px&quot;,&quot;size&quot;:&quot;&quot;,&quot;sizes&quot;:[]},&quot;slide_spacing_mobile&quot;:{&quot;unit&quot;:&quot;px&quot;,&quot;size&quot;:&quot;&quot;,&quot;sizes&quot;:[]},&quot;transition&quot;:&quot;slide&quot;,&quot;transition_speed&quot;:500}\" data-widget_type=\"alpus-nested-slider.default\">\n\t\t\t\t\t\t\t<div class=\"elementor-swiper\">\r\n\t\t\t<div class=\"elementor-slides-wrapper elementor-main-swiper swiper\" dir=\"ltr\">\r\n\t\t\t\t<div class=\"swiper-wrapper elementor-slides alpus-nested-slider\">\r\n\t\t\t\t\t<div class=\"swiper-slide elementor-repeater-item-275f3cf\"><div class=\"elementor-element elementor-element-e560485 e-con-full h-100 e-flex e-con e-child\" data-id=\"e560485\" data-element_type=\"container\" data-e-type=\"container\">\r\n\t\t\t\t<div class=\"elementor-element elementor-element-083667e elementor-widget elementor-widget-porto_info_box\" data-id=\"083667e\" data-element_type=\"widget\" data-e-type=\"widget\" data-widget_type=\"porto_info_box.default\">\n\t\t\t\t\t<div class=\"porto-sicon-box style_1 default-icon\"><div class=\"porto-sicon-default\"><div class=\"porto-just-icon-wrapper porto-icon none\" style=\"\"><i class=\"porto-icon-shipping\"><\/i><\/div><\/div><div class=\"porto-sicon-header\"><h3 class=\"porto-sicon-title\" style=\"\">Servis<\/h3><\/div> <!-- header --><\/div><!-- porto-sicon-box -->\t\t\t\t<\/div>\n\t\t\t\t<\/div>\n\t\t<\/div><div class=\"swiper-slide elementor-repeater-item-60836aa\"><div class=\"elementor-element elementor-element-fd42ba0 e-con-full h-100 e-flex e-con e-child\" data-id=\"fd42ba0\" data-element_type=\"container\" data-e-type=\"container\">\r\n\t\t\t\t<div class=\"elementor-element elementor-element-18754ca elementor-widget elementor-widget-porto_info_box\" data-id=\"18754ca\" data-element_type=\"widget\" data-e-type=\"widget\" data-widget_type=\"porto_info_box.default\">\n\t\t\t\t\t<div class=\"porto-sicon-box style_1 default-icon\"><div class=\"porto-sicon-default\"><div class=\"porto-just-icon-wrapper porto-icon none\" style=\"\"><i class=\"porto-icon-money\"><\/i><\/div><\/div><div class=\"porto-sicon-header\"><h3 class=\"porto-sicon-title\" style=\"\">Uygun Fiyat<\/h3><\/div> <!-- header --><\/div><!-- porto-sicon-box -->\t\t\t\t<\/div>\n\t\t\t\t<\/div>\n\t\t<\/div><div class=\"swiper-slide elementor-repeater-item-425dcc1\"><div class=\"elementor-element elementor-element-68a19e2 h-100 e-flex e-con-boxed e-con e-child\" data-id=\"68a19e2\" data-element_type=\"container\" data-e-type=\"container\">\r\n\t\t\t\t\t<div class=\"e-con-inner\">\r\n\t\t\t\t<div class=\"elementor-element elementor-element-b9652e2 elementor-widget elementor-widget-porto_info_box\" data-id=\"b9652e2\" data-element_type=\"widget\" data-e-type=\"widget\" data-widget_type=\"porto_info_box.default\">\n\t\t\t\t\t<div class=\"porto-sicon-box style_1 default-icon\"><div class=\"porto-sicon-default\"><div class=\"porto-just-icon-wrapper porto-icon none\" style=\"\"><i class=\"porto-icon-support\"><\/i><\/div><\/div><div class=\"porto-sicon-header\"><h3 class=\"porto-sicon-title\" style=\"\">7\/24 Destek<\/h3><\/div> <!-- header --><\/div><!-- porto-sicon-box -->\t\t\t\t<\/div>\n\t\t\t\t\t<\/div>\n\t\t\t\t<\/div>\n\t\t<\/div><div class=\"swiper-slide elementor-repeater-item-91ed839\"><div class=\"elementor-element elementor-element-8b7083a h-100 e-flex e-con-boxed e-con e-child\" data-id=\"8b7083a\" data-element_type=\"container\" data-e-type=\"container\">\r\n\t\t\t\t\t<div class=\"e-con-inner\">\r\n\t\t\t\t<div class=\"elementor-element elementor-element-c154601 elementor-widget elementor-widget-porto_info_box\" data-id=\"c154601\" data-element_type=\"widget\" data-e-type=\"widget\" data-widget_type=\"porto_info_box.default\">\n\t\t\t\t\t<div class=\"porto-sicon-box style_1 default-icon\"><div class=\"porto-sicon-default\"><div class=\"porto-just-icon-wrapper porto-icon none\" style=\"\"><i class=\"Simple-Line-Icons-star\"><\/i><\/div><\/div><div class=\"porto-sicon-header\"><h3 class=\"porto-sicon-title\" style=\"\">Kaliteli \u00dcr\u00fcn<\/h3><\/div> <!-- header --><\/div><!-- porto-sicon-box -->\t\t\t\t<\/div>\n\t\t\t\t\t<\/div>\n\t\t\t\t<\/div>\n\t\t<\/div>\t\t\t\t<\/div>\r\n\t\t\t\t\t\t\t\t\t\t\t\t\t\t\t\t\t\t\t\t\t<\/div>\r\n\t\t<\/div>\r\n\t\t\t\t\t\t<\/div>\n\t\t\t\t\t<\/div>\n\t\t\t\t<\/div>\n\t\t<div class=\"elementor-element elementor-element-8b3d609 e-flex e-con-boxed e-con e-parent\" data-id=\"8b3d609\" data-element_type=\"container\" data-e-type=\"container\">\r\n\t\t\t\t\t<div class=\"e-con-inner\">\r\n\t\t\t\t<div class=\"elementor-element elementor-element-40be1ec elementor-widget__width-initial elementor-widget-mobile__width-inherit elementor-widget elementor-widget-heading\" data-id=\"40be1ec\" data-element_type=\"widget\" data-e-type=\"widget\" data-widget_type=\"heading.default\">\n\t\t\t\t\t<h2 class=\"elementor-heading-title elementor-size-default\">Toptan G\u0131da Malzemeleri Podima G\u0131da<\/h2>\t\t\t\t<\/div>\n\t\t\t\t<div class=\"elementor-element elementor-element-85840b0 elementor-widget__width-initial elementor-widget-mobile__width-inherit elementor-widget elementor-widget-text-editor\" data-id=\"85840b0\" data-element_type=\"widget\" data-e-type=\"widget\" data-widget_type=\"text-editor.default\">\n\t\t\t\t\t\t\t\t\t<p>\u0130stanbul\u2019da faaliyet g\u00f6steren Podima G\u0131da Fabrikalar, Oteller, Restoranlar ve Kamu Kurumlar\u0131 i\u00e7in toptan g\u0131da ve temizlik \u00fcr\u00fcnleri tedarikinde g\u00fcvenilir bir i\u015f orta\u011f\u0131d\u0131r. Geni\u015f \u00fcr\u00fcn yelpazemiz ve rekabet\u00e7i fiyatlar\u0131m\u0131zla, i\u015fletmenizin ihtiya\u00e7 duydu\u011fu t\u00fcm \u00fcr\u00fcnleri tek noktadan temin etmenizi sa\u011fl\u0131yoruz.<\/p>\t\t\t\t\t\t\t\t<\/div>\n\t\t\t\t\t<\/div>\n\t\t\t\t<\/div>\n\t\t<div class=\"elementor-element elementor-element-e98db95 e-con-full e-flex elementor-invisible e-con e-parent\" data-id=\"e98db95\" data-element_type=\"container\" data-e-type=\"container\" data-settings=\"{&quot;background_background&quot;:&quot;classic&quot;,&quot;animation&quot;:&quot;revealDirRight&quot;}\">\r\n\t\t\t\t<div class=\"elementor-element elementor-element-2a3dae7 elementor-widget elementor-widget-porto_ultimate_heading\" data-id=\"2a3dae7\" data-element_type=\"widget\" data-e-type=\"widget\" data-widget_type=\"porto_ultimate_heading.default\">\n\t\t\t\t\t<div class=\"porto-u-heading  porto-u-ad87e2eaf3f9c495180fe0156ddf3eb0 \" data-plugin-float-element data-plugin-options=\"{&quot;startPos&quot;:&quot;none&quot;,&quot;speed&quot;:&quot;9.6&quot;,&quot;transition&quot;:true,&quot;horizontal&quot;:true}\"><div class=\"porto-u-main-heading\"><h2 class=\"marquee\" data-duration=\"70000\" data-gap=\"10\" data-duplicated=\"true\" data-startVisible=\"true\" data-clone-element=\"5\"  >H\u0131zl\u0131 Servis<span style=\"margin: 0 1.25rem\"> \u2736 <\/span>G\u00fcvenilir Hizmet<span style=\"margin: 0 1.25rem\"> \u2736 <\/span>Kaliteli \u00dcr\u00fcn<span style=\"margin: 0 1.25rem\"> \u2736 <\/span><\/h2><\/div><style>.porto-u-ad87e2eaf3f9c495180fe0156ddf3eb0.porto-u-heading{text-align:left}<\/style><\/div>\t\t\t\t<\/div>\n\t\t\t\t<\/div>\n\t\t<div class=\"elementor-element elementor-element-7f8e7f5 e-flex e-con-boxed e-con e-parent\" data-id=\"7f8e7f5\" data-element_type=\"container\" data-e-type=\"container\">\r\n\t\t\t\t\t<div class=\"e-con-inner\">\r\n\t\t\t\t<div class=\"elementor-element elementor-element-37c5a75 elementor-widget elementor-widget-heading\" data-id=\"37c5a75\" data-element_type=\"widget\" data-e-type=\"widget\" data-widget_type=\"heading.default\">\n\t\t\t\t\t<h2 class=\"elementor-heading-title elementor-size-default\">\u00d6ne \u00c7\u0131kan \u00dcr\u00fcnler<\/h2>\t\t\t\t<\/div>\n\t\t<div class=\"elementor-element elementor-element-12a525c e-con-full e-flex e-con e-child\" data-id=\"12a525c\" data-element_type=\"container\" data-e-type=\"container\">\r\n\t\t<div class=\"elementor-element elementor-element-6b4420c e-con-full bundle-products-banner e-flex e-con e-child\" data-id=\"6b4420c\" data-element_type=\"container\" data-e-type=\"container\" data-settings=\"{&quot;background_background&quot;:&quot;classic&quot;}\">\r\n\t\t\t\t<div class=\"elementor-element elementor-element-614c8bd elementor-widget elementor-widget-heading\" data-id=\"614c8bd\" data-element_type=\"widget\" data-e-type=\"widget\" data-widget_type=\"heading.default\">\n\t\t\t\t\t<h3 class=\"elementor-heading-title elementor-size-default\">T\u00fcm \u00dcr\u00fcnlerimizi G\u00f6rmek \u0130\u00e7in<\/h3>\t\t\t\t<\/div>\n\t\t\t\t<div class=\"elementor-element elementor-element-2235918 elementor-widget elementor-widget-porto_button\" data-id=\"2235918\" data-element_type=\"widget\" data-e-type=\"widget\" data-settings=\"{&quot;align&quot;:&quot;center&quot;}\" data-widget_type=\"porto_button.default\">\n\t\t\t\t\t<a class=\"btn btn-xl btn-dark btn-full-rounded\" href=\"https:\/\/www.podimagida.com\/index.php\/shop\/\"><span >TIKLAYIN<\/span><\/a>\t\t\t\t<\/div>\n\t\t\t\t<\/div>\n\t\t<div class=\"elementor-element elementor-element-61e2cc3 e-con-full bundle-products e-flex e-con e-child\" data-id=\"61e2cc3\" data-element_type=\"container\" data-e-type=\"container\">\r\n\t\t\t\t<div class=\"elementor-element elementor-element-24378d1 custom-nav nav-shadow elementor-widget elementor-widget-porto_posts_grid\" data-id=\"24378d1\" data-element_type=\"widget\" data-e-type=\"widget\" data-settings=\"{&quot;spacing&quot;:{&quot;unit&quot;:&quot;px&quot;,&quot;size&quot;:&quot;&quot;,&quot;sizes&quot;:[]}}\" data-widget_type=\"porto_posts_grid.default\">\n\t\t\t\t\t<div class=\"porto-posts-grid porto-posts-grid-d751713988987e9331980363e24189ce porto-productsqz4t\"><style scope=\"scope\">.porto-gb-c4f467fba38ec3640e871bb009064a31 .tb-hover-content{background-color:rgba(255,255,255,0);}.porto-gb-8c670970e42329cde36bbf3eab762596:hover{--add-to-wishlist-icon-color:#ffffff}.page-wrapper .porto-gb-9510313d8937e5209e7d573448d5c492{background-color:#f4f4f4;border-radius:10px 10px 10px 10px;padding:8px 9px 10px 9px;}.page-wrapper .porto-gb-c4f467fba38ec3640e871bb009064a31{}.page-wrapper .porto-gb-8c670970e42329cde36bbf3eab762596{background-color:rgba(255,255,255,1);border-style:solid;border-width:1px 1px 1px 1px;border-color:rgba(231,231,231,1);border-radius:50% 50% 50% 50%;position:absolute;z-index:2;top:110px;right:10px;height:2.5rem;width:2.5rem;}.page-wrapper .porto-gb-8c670970e42329cde36bbf3eab762596:hover{background-color:rgba(33,37,41,1);color:#ffffff;border-color:rgba(33,37,41,1);}.porto-gb-8c670970e42329cde36bbf3eab762596{font-size:1.25rem;--porto-fs:1.25rem;line-height:2.375rem;--porto-lh:2.375rem;text-align:center;}.page-wrapper .porto-gb-aaf4f42ae4464f1cee21c8a09d0cec2a{padding:15px 20px 20px 20px;}.page-wrapper .porto-gb-721b9a8304c26e9dfbe829604f13a52f{}.page-wrapper .porto-gb-721b9a8304c26e9dfbe829604f13a52f{font-size:.625rem;--porto-fs:.625rem;text-transform:uppercase;line-height:1.9;--porto-lh:1.9;text-align:center;color:#999999}.porto-gb-721b9a8304c26e9dfbe829604f13a52f a:hover{color:var(--porto-dark-color)}.page-wrapper .porto-gb-647f09550392a51d39662bbd3330cd2c{margin-bottom:0px;}.porto-gb-647f09550392a51d39662bbd3330cd2c,.porto-gb-647f09550392a51d39662bbd3330cd2c p{font-size:.9375rem;--porto-fs:.9375rem;font-weight:500;line-height:1.35;--porto-lh:1.35;letter-spacing:-.025em;text-align:center;}.porto-gb-647f09550392a51d39662bbd3330cd2c a:hover,.porto-gb-647f09550392a51d39662bbd3330cd2c p a:hover{color:var(--porto-dark-color)}.product-type-swatch .img-thumbnail,\r\n.product-type-swatch .porto-tb-featured-image { background-color: transparent;}\r\n.product-type-swatch .porto-tb-wishlist a { width: 100%;}\r\n\r\n@media(max-width: 767px) {\r\n    .product-type-swatch .tb-hover-content { opacity: 1 !Important;  }\r\n}\r\n@media (max-width: 575px) {\r\n    .product-type-swatch .product-content { padding: 7px 5px 10px 5px;  }\r\n    .product-type-swatch .price {  font-size: 1rem;  }\r\n    .product-type-swatch .porto-tb-addcart { top: 5px; right: 5px;}\r\n    .porto-tb-item.product-col .product-type-swatch .filter-color { --porto-sw-size: 13px;  }\r\n}<\/style><div class=\"posts-wrap products-container has-ccols ccols-xl-3 ccols-md-2 ccols-2 owl-carousel porto-carousel nav-pos-outside show-nav-middle has-ccols-spacing\" data-plugin-options=\"{&quot;themeConfig&quot;:true,&quot;items&quot;:3,&quot;xl&quot;:3,&quot;md&quot;:2,&quot;xs&quot;:2,&quot;margin&quot;:20,&quot;autoplay&quot;:false,&quot;loop&quot;:false,&quot;nav&quot;:true,&quot;dots&quot;:false}\" style=\"\"><div class=\"porto-tb-item product product-col post-754 type-product status-publish has-post-thumbnail product_cat-cay-seker product_tag-bundle first outofstock featured shipping-taxable product-type-variable\"><div class=\"porto-section product-type-swatch overflow-hidden porto-gb-9510313d8937e5209e7d573448d5c492\">\n\n\n<div class=\"porto-section product-content m-0 porto-gb-aaf4f42ae4464f1cee21c8a09d0cec2a\">\n\n\n<h3 class=\"porto-heading product-title porto-gb-647f09550392a51d39662bbd3330cd2c post-title\" style=\"display:-webkit-box;-webkit-line-clamp:1;-webkit-box-orient:vertical;overflow:hidden;\"><a aria-label=\"Post Title\" href=\"https:\/\/www.podimagida.com\/index.php\/product\/lenovo-tab-m10-hd-2nd-gen-folio-case-w-protective-screen-film\/\">\u00c7ay \u00c7aykur Rize 1 Kg<\/a><\/h3>\n<\/div>\n<\/div>\n\n\n<p><\/p>\n<\/div><div class=\"porto-tb-item product product-col post-758 type-product status-publish has-post-thumbnail product_cat-bakliyat product_tag-bundle  outofstock featured shipping-taxable product-type-variable\"><div class=\"porto-section product-type-swatch overflow-hidden porto-gb-9510313d8937e5209e7d573448d5c492\">\n\n\n<div class=\"porto-section product-content m-0 porto-gb-aaf4f42ae4464f1cee21c8a09d0cec2a\">\n\n\n<h3 class=\"porto-heading product-title porto-gb-647f09550392a51d39662bbd3330cd2c post-title\" style=\"display:-webkit-box;-webkit-line-clamp:1;-webkit-box-orient:vertical;overflow:hidden;\"><a aria-label=\"Post Title\" href=\"https:\/\/www.podimagida.com\/index.php\/product\/15w-power-adapter\/\">Nohut 9mm Yerli 25 Kg<\/a><\/h3>\n<\/div>\n<\/div>\n\n\n<p><\/p>\n<\/div><div class=\"porto-tb-item product product-col post-763 type-product status-publish has-post-thumbnail product_cat-bakliyat product_tag-bundle  outofstock shipping-taxable product-type-variable\"><div class=\"porto-section product-type-swatch overflow-hidden porto-gb-9510313d8937e5209e7d573448d5c492\">\n\n\n<div class=\"porto-section product-content m-0 porto-gb-aaf4f42ae4464f1cee21c8a09d0cec2a\">\n\n\n<h3 class=\"porto-heading product-title porto-gb-647f09550392a51d39662bbd3330cd2c post-title\" style=\"display:-webkit-box;-webkit-line-clamp:1;-webkit-box-orient:vertical;overflow:hidden;\"><a aria-label=\"Post Title\" href=\"https:\/\/www.podimagida.com\/index.php\/product\/galaxy-s24-ultra-s-pen\/\">Bulgur Pilavl\u0131k 25 Kg<\/a><\/h3>\n<\/div>\n<\/div>\n\n\n<p><\/p>\n<\/div><div class=\"porto-tb-item product product-col post-766 type-product status-publish has-post-thumbnail product_cat-cay-seker product_tag-bundle last outofstock featured shipping-taxable product-type-variable\"><div class=\"porto-section product-type-swatch overflow-hidden porto-gb-9510313d8937e5209e7d573448d5c492\">\n\n\n<div class=\"porto-section product-content m-0 porto-gb-aaf4f42ae4464f1cee21c8a09d0cec2a\">\n\n\n<h3 class=\"porto-heading product-title porto-gb-647f09550392a51d39662bbd3330cd2c post-title\" style=\"display:-webkit-box;-webkit-line-clamp:1;-webkit-box-orient:vertical;overflow:hidden;\"><a aria-label=\"Post Title\" href=\"https:\/\/www.podimagida.com\/index.php\/product\/galaxy-a35-5g-silicone-card-slot-case\/\">Nestle Coffee Mate 500 gr<\/a><\/h3>\n<\/div>\n<\/div>\n\n\n<p><\/p>\n<\/div><\/div><\/div>\t\t\t\t<\/div>\n\t\t\t\t<\/div>\n\t\t\t\t<\/div>\n\t\t\t\t\t<\/div>\n\t\t\t\t<\/div>\n\t\t\t\t<\/div>\n\t\t","protected":false},"excerpt":{"rendered":"<p>Podima G\u0131da Tedarik Etmek \u0130stedi\u011finiz Y\u00fczlerce \u00c7e\u015fit \u00dcr\u00fcnle Hizmetinizdeyiz. Daha Fazla Bilgi Edinin Servis Uygun Fiyat 7\/24 Destek Kaliteli \u00dcr\u00fcn Servis Uygun Fiyat 7\/24 Destek Kaliteli \u00dcr\u00fcn Toptan G\u0131da Malzemeleri Podima G\u0131da \u0130stanbul\u2019da faaliyet g\u00f6steren Podima G\u0131da Fabrikalar, Oteller, Restoranlar ve Kamu Kurumlar\u0131 i\u00e7in toptan g\u0131da ve temizlik \u00fcr\u00fcnleri tedarikinde g\u00fcvenilir bir i\u015f orta\u011f\u0131d\u0131r. Geni\u015f [&hellip;]<\/p>\n","protected":false},"author":1,"featured_media":0,"parent":0,"menu_order":0,"comment_status":"closed","ping_status":"closed","template":"","meta":{"content-type":"","footnotes":""},"class_list":["post-2","page","type-page","status-publish","hentry"],"_links":{"self":[{"href":"https:\/\/www.podimagida.com\/index.php\/wp-json\/wp\/v2\/pages\/2","targetHints":{"allow":["GET"]}}],"collection":[{"href":"https:\/\/www.podimagida.com\/index.php\/wp-json\/wp\/v2\/pages"}],"about":[{"href":"https:\/\/www.podimagida.com\/index.php\/wp-json\/wp\/v2\/types\/page"}],"author":[{"embeddable":true,"href":"https:\/\/www.podimagida.com\/index.php\/wp-json\/wp\/v2\/users\/1"}],"replies":[{"embeddable":true,"href":"https:\/\/www.podimagida.com\/index.php\/wp-json\/wp\/v2\/comments?post=2"}],"version-history":[{"count":73,"href":"https:\/\/www.podimagida.com\/index.php\/wp-json\/wp\/v2\/pages\/2\/revisions"}],"predecessor-version":[{"id":7287,"href":"https:\/\/www.podimagida.com\/index.php\/wp-json\/wp\/v2\/pages\/2\/revisions\/7287"}],"wp:attachment":[{"href":"https:\/\/www.podimagida.com\/index.php\/wp-json\/wp\/v2\/media?parent=2"}],"curies":[{"name":"wp","href":"https:\/\/api.w.org\/{rel}","templated":true}]}}