{"id":7031,"date":"2026-05-08T09:43:24","date_gmt":"2026-05-08T09:43:24","guid":{"rendered":"http:\/\/www.podimagida.com\/?post_type=product&#038;p=7031"},"modified":"2026-05-08T09:43:24","modified_gmt":"2026-05-08T09:43:24","slug":"patates-taze","status":"publish","type":"product","link":"https:\/\/www.podimagida.com\/index.php\/product\/patates-taze\/","title":{"rendered":"Patates Taze"},"content":{"rendered":"<h2 data-start=\"151\" data-end=\"218\"><strong data-start=\"155\" data-end=\"218\">Patates Taze \u2013 Do\u011fall\u0131\u011f\u0131n ve Lezzetin Sofran\u0131za Ula\u015fan Hali<\/strong><\/h2>\n<p class=\"\" data-start=\"220\" data-end=\"478\">Yemeklerin vazge\u00e7ilmezi olan\u00a0<strong data-start=\"249\" data-end=\"265\">taze patates<\/strong>, do\u011fal tad\u0131 ve \u00e7ok y\u00f6nl\u00fc kullan\u0131m\u0131yla mutfaklar\u0131n ba\u015f tac\u0131d\u0131r. \u00d6zenle se\u00e7ilen ve tarladan do\u011frudan sofran\u0131za ula\u015fan bu patatesler; ha\u015flama, k\u0131zartma, f\u0131r\u0131n yeme\u011fi, p\u00fcre ve salatalarda\u00a0<strong data-start=\"450\" data-end=\"471\">m\u00fckemmel sonu\u00e7lar<\/strong>\u00a0sunar.<\/p>\n<p class=\"\" data-start=\"480\" data-end=\"625\">G\u00fcnl\u00fck taze hasat edilen patatesler, hem bireysel t\u00fcketiciler hem de restoran, kafe ve yemek \u00fcretim tesisleri i\u00e7in y\u00fcksek kalite ve verim sa\u011flar.<\/p>\n<h4 class=\"\" data-start=\"627\" data-end=\"653\"><strong data-start=\"632\" data-end=\"653\">\u00dcr\u00fcn \u00d6zellikleri:<\/strong><\/h4>\n<ul data-start=\"654\" data-end=\"888\">\n<li class=\"\" data-start=\"654\" data-end=\"680\">\n<p class=\"\" data-start=\"656\" data-end=\"680\"><strong data-start=\"656\" data-end=\"665\">\u00dcr\u00fcn:<\/strong>\u00a0Taze patates<\/p>\n<\/li>\n<li class=\"\" data-start=\"681\" data-end=\"704\">\n<p class=\"\" data-start=\"683\" data-end=\"704\"><strong data-start=\"683\" data-end=\"694\">Men\u015fei:<\/strong>\u00a0T\u00fcrkiye<\/p>\n<\/li>\n<li class=\"\" data-start=\"705\" data-end=\"761\">\n<p class=\"\" data-start=\"707\" data-end=\"761\"><strong data-start=\"707\" data-end=\"728\">Ambalaj Se\u00e7ene\u011fi:<\/strong>\u00a0D\u00f6kme veya \u00e7uval (iste\u011fe g\u00f6re)<\/p>\n<\/li>\n<li class=\"\" data-start=\"762\" data-end=\"828\">\n<p class=\"\" data-start=\"764\" data-end=\"828\"><strong data-start=\"764\" data-end=\"783\">Kullan\u0131m Alan\u0131:<\/strong>\u00a0Ev, restoran, otel, yemek \u00fcretim tesisleri<\/p>\n<\/li>\n<li class=\"\" data-start=\"829\" data-end=\"888\">\n<p class=\"\" data-start=\"831\" data-end=\"888\"><strong data-start=\"831\" data-end=\"850\">Saklama Ko\u015fulu:<\/strong>\u00a0Serin ve kuru ortamda muhafaza ediniz<\/p>\n<\/li>\n<\/ul>\n<p class=\"\" data-start=\"890\" data-end=\"1069\">\u00a0G\u00fcnl\u00fck hasat \u2013 do\u011fall\u0131\u011f\u0131n\u0131 korur<br data-start=\"925\" data-end=\"928\" \/>\u00a0\u00c7ok y\u00f6nl\u00fc kullan\u0131m: K\u0131zartmal\u0131k, ha\u015flamal\u0131k, f\u0131r\u0131nl\u0131k<br data-start=\"984\" data-end=\"987\" \/>\u00a0Toplu al\u0131ma uygun \u2013 taze tedarik<br data-start=\"1022\" data-end=\"1025\" \/>\u00a0Yemeklere lezzet, sofralara bereket katar<\/p>\n<p class=\"\" data-start=\"1071\" data-end=\"1215\"><strong data-start=\"1071\" data-end=\"1215\">Taze Patates ile yemeklerinizi zenginle\u015ftirin, do\u011fall\u0131\u011f\u0131 ve lezzeti bir arada ya\u015fay\u0131n. \u015eimdi sipari\u015f verin, taptaze \u00fcr\u00fcnler kap\u0131n\u0131za gelsin!<\/strong><\/p>\n","protected":false},"excerpt":{"rendered":"<div class=\"elementor-element elementor-element-a2a93c2 elementor-widget elementor-widget-porto_cp_excerpt\" data-id=\"a2a93c2\" data-element_type=\"widget\" data-e-type=\"widget\" data-widget_type=\"porto_cp_excerpt.default\">\n<div class=\"elementor-widget-container\">\n<div class=\"description woocommerce-product-details__short-description\">\n<p>Patates Taze Yemeklerin vazge\u00e7ilmezi olan taze patates, do\u011fal tad\u0131 ve \u00e7ok y\u00f6nl\u00fc kullan\u0131m\u0131yla mutfaklar\u0131n ba\u015f tac\u0131d\u0131r. \u00d6zenle se\u00e7ilen ve tarladan do\u011frudan sofran\u0131za ula\u015fan bu patatesler; ha\u015flama, k\u0131zartma, f\u0131r\u0131n yeme\u011fi, p\u00fcre ve salatalarda m\u00fckemmel sonu\u00e7lar sunar.<\/p>\n<\/div>\n<\/div>\n<\/div>\n<div class=\"elementor-element elementor-element-852bf31 elementor-widget elementor-widget-porto_cp_meta\" data-id=\"852bf31\" data-element_type=\"widget\" data-e-type=\"widget\" data-widget_type=\"porto_cp_meta.default\">\n<div class=\"elementor-widget-container\">\n<div class=\"product_meta\"><\/div>\n<\/div>\n<\/div>\n","protected":false},"featured_media":7033,"comment_status":"open","ping_status":"closed","template":"","meta":{"content-type":""},"product_brand":[],"product_cat":[110],"product_tag":[],"class_list":{"0":"post-7031","1":"product","2":"type-product","3":"status-publish","4":"has-post-thumbnail","6":"product_cat-meyve-sebze","8":"first","9":"instock","10":"shipping-taxable","11":"product-type-simple"},"_cost_price":"","_links":{"self":[{"href":"https:\/\/www.podimagida.com\/index.php\/wp-json\/wp\/v2\/product\/7031","targetHints":{"allow":["GET"]}}],"collection":[{"href":"https:\/\/www.podimagida.com\/index.php\/wp-json\/wp\/v2\/product"}],"about":[{"href":"https:\/\/www.podimagida.com\/index.php\/wp-json\/wp\/v2\/types\/product"}],"replies":[{"embeddable":true,"href":"https:\/\/www.podimagida.com\/index.php\/wp-json\/wp\/v2\/comments?post=7031"}],"wp:featuredmedia":[{"embeddable":true,"href":"https:\/\/www.podimagida.com\/index.php\/wp-json\/wp\/v2\/media\/7033"}],"wp:attachment":[{"href":"https:\/\/www.podimagida.com\/index.php\/wp-json\/wp\/v2\/media?parent=7031"}],"wp:term":[{"taxonomy":"product_brand","embeddable":true,"href":"https:\/\/www.podimagida.com\/index.php\/wp-json\/wp\/v2\/product_brand?post=7031"},{"taxonomy":"product_cat","embeddable":true,"href":"https:\/\/www.podimagida.com\/index.php\/wp-json\/wp\/v2\/product_cat?post=7031"},{"taxonomy":"product_tag","embeddable":true,"href":"https:\/\/www.podimagida.com\/index.php\/wp-json\/wp\/v2\/product_tag?post=7031"}],"curies":[{"name":"wp","href":"https:\/\/api.w.org\/{rel}","templated":true}]}}