{"id":754,"date":"2024-07-24T09:45:26","date_gmt":"2024-07-24T09:45:26","guid":{"rendered":"http:\/\/sw-themes.com\/porto_dummy\/?post_type=product&#038;p=754"},"modified":"2026-05-07T19:39:08","modified_gmt":"2026-05-07T19:39:08","slug":"lenovo-tab-m10-hd-2nd-gen-folio-case-w-protective-screen-film","status":"publish","type":"product","link":"https:\/\/www.podimagida.com\/index.php\/product\/lenovo-tab-m10-hd-2nd-gen-folio-case-w-protective-screen-film\/","title":{"rendered":"\u00c7ay \u00c7aykur Rize 1 Kg"},"content":{"rendered":"<h2 data-start=\"309\" data-end=\"383\"><strong data-start=\"313\" data-end=\"383\">\u00c7ay \u00c7aykur Rize 1 Kg \u2013 Geleneksel Tok \u0130\u00e7imli Lezzet<\/strong><\/h2>\n<p class=\"\" data-start=\"385\" data-end=\"677\"><strong data-start=\"385\" data-end=\"416\">\u00c7aykur EDT Rize Turist \u00c7ay\u0131<\/strong>, Karadeniz\u2019in verimli topraklar\u0131nda yeti\u015fen taze \u00e7ay yapraklar\u0131ndan elde edilen,\u00a0<strong data-start=\"498\" data-end=\"529\">tok i\u00e7imli ve yo\u011fun aromal\u0131<\/strong>\u00a0bir \u00e7ayd\u0131r. \u00c7ay tiryakilerinin y\u0131llard\u0131r vazge\u00e7emedi\u011fi bu klasik lezzet, \u015fimdi\u00a0<strong data-start=\"609\" data-end=\"646\">1000 graml\u0131k ekonomik ambalaj\u0131yla<\/strong>\u00a0ev d\u0131\u015f\u0131 t\u00fcketim i\u00e7in de ideal!<\/p>\n<p class=\"\" data-start=\"679\" data-end=\"931\">\u00d6zellikle otel, restoran, kantin, yemekhane ve \u00e7ay ocaklar\u0131 gibi i\u015fletmelerde yo\u011fun \u00e7ay t\u00fcketimine ekonomik ve kaliteli bir \u00e7\u00f6z\u00fcm sunar. Her fincanda sizi Karadeniz\u2019in do\u011fall\u0131\u011f\u0131na g\u00f6t\u00fcren bu harman, g\u00fcn\u00fcn her an\u0131nda keyifli molalar i\u00e7in vazge\u00e7ilmezdir.<\/p>\n<h4 class=\"\" data-start=\"933\" data-end=\"959\"><strong data-start=\"938\" data-end=\"959\">\u00dcr\u00fcn \u00d6zellikleri:<\/strong><\/h4>\n<ul data-start=\"960\" data-end=\"1170\">\n<li class=\"\" data-start=\"960\" data-end=\"983\">\n<p class=\"\" data-start=\"962\" data-end=\"983\"><strong data-start=\"962\" data-end=\"973\">Gramaj:<\/strong>\u00a01000 gr<\/p>\n<\/li>\n<li class=\"\" data-start=\"984\" data-end=\"1005\">\n<p class=\"\" data-start=\"986\" data-end=\"1005\"><strong data-start=\"986\" data-end=\"996\">Marka:<\/strong>\u00a0\u00c7aykur<\/p>\n<\/li>\n<li class=\"\" data-start=\"1006\" data-end=\"1068\">\n<p class=\"\" data-start=\"1008\" data-end=\"1068\"><strong data-start=\"1008\" data-end=\"1019\">\u0130\u00e7erik:<\/strong>\u00a0Do\u011fu Karadeniz b\u00f6lgesi se\u00e7ilmi\u015f \u00e7ay yapraklar\u0131<\/p>\n<\/li>\n<li class=\"\" data-start=\"1069\" data-end=\"1092\">\n<p class=\"\" data-start=\"1071\" data-end=\"1092\"><strong data-start=\"1071\" data-end=\"1082\">Men\u015fei:<\/strong>\u00a0T\u00fcrkiye<\/p>\n<\/li>\n<li class=\"\" data-start=\"1093\" data-end=\"1170\">\n<p class=\"\" data-start=\"1095\" data-end=\"1170\"><strong data-start=\"1095\" data-end=\"1114\">Kullan\u0131m Alan\u0131:<\/strong>\u00a0Ev d\u0131\u015f\u0131 t\u00fcketim \u2013 otel, restoran, ofis, kafe, yemekhane<\/p>\n<\/li>\n<\/ul>\n<h4 class=\"\" data-start=\"1172\" data-end=\"1216\"><strong data-start=\"1177\" data-end=\"1216\">\u0130deal \u00c7ay Demlemenin P\u00fcf Noktalar\u0131:<\/strong><\/h4>\n<ul data-start=\"1217\" data-end=\"1530\">\n<li class=\"\" data-start=\"1217\" data-end=\"1293\">\n<p class=\"\" data-start=\"1219\" data-end=\"1293\"><strong data-start=\"1219\" data-end=\"1245\">Su kalitesi \u00f6nemlidir:<\/strong>\u00a0Taze, kire\u00e7siz ve klorsuz i\u00e7me suyu kullan\u0131n.<\/p>\n<\/li>\n<li class=\"\" data-start=\"1294\" data-end=\"1374\">\n<p class=\"\" data-start=\"1296\" data-end=\"1374\"><strong data-start=\"1296\" data-end=\"1315\">Demlik tercihi:<\/strong>\u00a0Porselen demlik kullanarak aromay\u0131 ve s\u0131cakl\u0131\u011f\u0131 koruyun.<\/p>\n<\/li>\n<li class=\"\" data-start=\"1375\" data-end=\"1464\">\n<p class=\"\" data-start=\"1377\" data-end=\"1464\"><strong data-start=\"1377\" data-end=\"1396\">Demleme s\u00fcresi:<\/strong>\u00a0Lezzetli bir \u00e7ay i\u00e7in en az 10\u201315 dakika demlemeye \u00f6zen g\u00f6sterin.<\/p>\n<\/li>\n<li class=\"\" data-start=\"1465\" data-end=\"1530\">\n<p class=\"\" data-start=\"1467\" data-end=\"1530\"><strong data-start=\"1467\" data-end=\"1476\">\u00d6l\u00e7\u00fc:<\/strong>\u00a0Her fincan i\u00e7in yakla\u015f\u0131k 1 tatl\u0131 ka\u015f\u0131\u011f\u0131 \u00e7ay idealdir.<\/p>\n<\/li>\n<\/ul>\n<p class=\"\" data-start=\"1532\" data-end=\"1731\">\u2714\ufe0f Tok i\u00e7imli, g\u00fc\u00e7l\u00fc aroma<br data-start=\"1558\" data-end=\"1561\" \/>\u2714\ufe0f Kalabal\u0131k t\u00fcketimler i\u00e7in ideal 1 kg\u2019l\u0131k ekonomik ambalaj<br data-start=\"1621\" data-end=\"1624\" \/>\u2714\ufe0f G\u00fcn boyu taze, lezzetli ve g\u00fc\u00e7l\u00fc demli \u00e7ay<br data-start=\"1669\" data-end=\"1672\" \/>\u2714\ufe0f Ev d\u0131\u015f\u0131 kullan\u0131mda kalite ve tasarrufu bir arada sunar<\/p>\n<p class=\"\" data-start=\"1733\" data-end=\"1872\"><strong data-start=\"1733\" data-end=\"1872\">\u00c7aykur Rize Turist \u00c7ay\u0131 ile geleneksel T\u00fcrk \u00e7ay\u0131n\u0131n ger\u00e7ek tad\u0131n\u0131 ke\u015ffedin \u2013 her yudumda yo\u011fun lezzet, her bardakta Karadeniz esintisi!<\/strong><\/p>\n","protected":false},"excerpt":{"rendered":"<p>\u00c7ay \u00c7aykur Rize 1 Kg<\/p>\n","protected":false},"featured_media":6891,"comment_status":"open","ping_status":"closed","template":"","meta":{"content-type":""},"product_brand":[],"product_cat":[108],"product_tag":[66],"class_list":{"0":"post-754","1":"product","2":"type-product","3":"status-publish","4":"has-post-thumbnail","6":"product_cat-cay-seker","7":"product_tag-bundle","9":"first","10":"outofstock","11":"featured","12":"shipping-taxable","13":"product-type-variable"},"_cost_price":"","_links":{"self":[{"href":"https:\/\/www.podimagida.com\/index.php\/wp-json\/wp\/v2\/product\/754","targetHints":{"allow":["GET"]}}],"collection":[{"href":"https:\/\/www.podimagida.com\/index.php\/wp-json\/wp\/v2\/product"}],"about":[{"href":"https:\/\/www.podimagida.com\/index.php\/wp-json\/wp\/v2\/types\/product"}],"replies":[{"embeddable":true,"href":"https:\/\/www.podimagida.com\/index.php\/wp-json\/wp\/v2\/comments?post=754"}],"wp:featuredmedia":[{"embeddable":true,"href":"https:\/\/www.podimagida.com\/index.php\/wp-json\/wp\/v2\/media\/6891"}],"wp:attachment":[{"href":"https:\/\/www.podimagida.com\/index.php\/wp-json\/wp\/v2\/media?parent=754"}],"wp:term":[{"taxonomy":"product_brand","embeddable":true,"href":"https:\/\/www.podimagida.com\/index.php\/wp-json\/wp\/v2\/product_brand?post=754"},{"taxonomy":"product_cat","embeddable":true,"href":"https:\/\/www.podimagida.com\/index.php\/wp-json\/wp\/v2\/product_cat?post=754"},{"taxonomy":"product_tag","embeddable":true,"href":"https:\/\/www.podimagida.com\/index.php\/wp-json\/wp\/v2\/product_tag?post=754"}],"curies":[{"name":"wp","href":"https:\/\/api.w.org\/{rel}","templated":true}]}}